{"id":98,"date":"2018-06-18T17:00:01","date_gmt":"2018-06-18T17:00:01","guid":{"rendered":"http:\/\/cpeinc.ca\/?page_id=98"},"modified":"2022-01-13T19:18:41","modified_gmt":"2022-01-13T19:18:41","slug":"single-phase-ups","status":"publish","type":"page","link":"https:\/\/cpeinc.ca\/fr\/produits\/single-phase-ups\/","title":{"rendered":"Onduleur Monophas\u00e9"},"content":{"rendered":"<div id=\"pl-98\"  class=\"panel-layout\" ><div id=\"pg-98-0\"  class=\"panel-grid panel-no-style\" ><div id=\"pgc-98-0-0\"  class=\"panel-grid-cell\" ><div id=\"panel-98-0-0-0\" class=\"so-panel widget widget_text panel-first-child\" data-index=\"0\" ><h3 class=\"widget-title\">Smart-UPS Online &#8211; Onduleur Double Conversion &#8211; 500VA \u00e0 20kVA<\/h3>\t\t\t<div class=\"textwidget\"><\/div>\n\t\t<\/div><div id=\"panel-98-0-0-1\" class=\"so-panel widget widget_media_image\" data-index=\"1\" ><img loading=\"lazy\" decoding=\"async\" width=\"300\" height=\"100\" src=\"https:\/\/cpeinc.ca\/wp-content\/uploads\/2018\/06\/srt-300x100.jpg\" class=\"image wp-image-268  attachment-medium size-medium\" alt=\"\" style=\"max-width: 100%; height: auto;\" srcset=\"https:\/\/cpeinc.ca\/wp-content\/uploads\/2018\/06\/srt-300x100.jpg 300w, https:\/\/cpeinc.ca\/wp-content\/uploads\/2018\/06\/srt.jpg 448w\" sizes=\"auto, (max-width: 300px) 100vw, 300px\" \/><\/div><div id=\"panel-98-0-0-2\" class=\"so-panel widget widget_sow-button panel-last-child\" data-index=\"2\" ><div\n\t\t\t\n\t\t\tclass=\"so-widget-sow-button so-widget-sow-button-atom-1038cf0caefd-98\"\n\t\t\t\n\t\t><div class=\"ow-button-base ow-button-align-center\"\n>\n\t\t\t<a\n\t\t\t\t\thref=\"http:\/\/cpeinc.ca\/wp-content\/uploads\/2018\/06\/SRT.pdf\"\n\t\t\t\t\tclass=\"sowb-button ow-icon-placement-left ow-button-hover\" target=\"_blank\" rel=\"noopener noreferrer\" \t>\n\t\t<span>\n\t\t\t\n\t\t\tEn savoir plus\t\t<\/span>\n\t\t\t<\/a>\n\t<\/div>\n<\/div><\/div><\/div><div id=\"pgc-98-0-1\"  class=\"panel-grid-cell\" ><div id=\"panel-98-0-1-0\" class=\"so-panel widget widget_sow-editor panel-first-child panel-last-child\" data-index=\"3\" ><div\n\t\t\t\n\t\t\tclass=\"so-widget-sow-editor so-widget-sow-editor-base\"\n\t\t\t\n\t\t>\n<div class=\"siteorigin-widget-tinymce textwidget\">\n\t<p>Smart-UPS On-Line fournit une protection de l'alimentation en ligne double conversion v\u00e9ritable, haute densit\u00e9, pour les serveurs, les r\u00e9seaux voix et donn\u00e9es, les laboratoires d'analyses m\u00e9dicales et les applications industrielles l\u00e9g\u00e8res. Capable de supporter des charges de 1 \u00e0 20\u00a0kVA dans une forme convertible rack\/tour, Smart-UPS On-Line est disponible de 2U \u00e0 12U. De r\u00e9centes extensions de famille \u00e0 15 et 20\u00a0kVA permettent de prot\u00e9ger des serveurs lames particuli\u00e8rement voraces ou des racks lourdement charg\u00e9s en \u00e9quipements. Si les syst\u00e8mes d'entreprise critiques requi\u00e8rent une dur\u00e9e d'autonomie exprim\u00e9e en heures et non en minutes, Smart-UPS On-Line peut \u00eatre configur\u00e9 en fonction des packs de batteries pour pouvoir r\u00e9pondre aux exigences d'autonomie strictes des syst\u00e8mes strat\u00e9giques de l'entreprise. Le logiciel de gestion PowerChute inclus assure une coupure progressive et sans surveillance des syst\u00e8mes d'exploitation r\u00e9seau. Tous les mod\u00e8les 5\u00a0kVA et plus comprennent une carte de gestion r\u00e9seau int\u00e9gr\u00e9e pour la gestion \u00e0 distance (en option sur les mod\u00e8les inf\u00e9rieurs \u00e0 5\u00a0kVA). La gamme Smart-UPS On-Line dans son int\u00e9gralit\u00e9 conf\u00e8re une valeur ajout\u00e9e aux clients op\u00e9rant dans un environnement exigeant au plan de l'alimentation \u00e9lectrique, \u00e0 la recherche d'une r\u00e9gulation extr\u00eamement rigoureuse de la tension et de la fr\u00e9quence, d'un bypass interne et d'une correction du facteur de puissance en entr\u00e9e.<\/p>\n<\/div>\n<\/div><\/div><\/div><\/div><div id=\"pg-98-1\"  class=\"panel-grid panel-no-style\" ><div id=\"pgc-98-1-0\"  class=\"panel-grid-cell\" ><div id=\"panel-98-1-0-0\" class=\"so-panel widget widget_text panel-first-child\" data-index=\"4\" ><h3 class=\"widget-title\">Smart-UPS &#8211; Onduleur \u00e0 int\u00e9raction avec r\u00e9seau<\/h3>\t\t\t<div class=\"textwidget\"><\/div>\n\t\t<\/div><div id=\"panel-98-1-0-1\" class=\"so-panel widget widget_media_image\" data-index=\"5\" ><img loading=\"lazy\" decoding=\"async\" width=\"300\" height=\"100\" src=\"https:\/\/cpeinc.ca\/wp-content\/uploads\/2018\/06\/smt-300x100.jpg\" class=\"image wp-image-267  attachment-medium size-medium\" alt=\"\" style=\"max-width: 100%; height: auto;\" srcset=\"https:\/\/cpeinc.ca\/wp-content\/uploads\/2018\/06\/smt-300x100.jpg 300w, https:\/\/cpeinc.ca\/wp-content\/uploads\/2018\/06\/smt.jpg 448w\" sizes=\"auto, (max-width: 300px) 100vw, 300px\" \/><\/div><div id=\"panel-98-1-0-2\" class=\"so-panel widget widget_sow-button panel-last-child\" data-index=\"6\" ><div\n\t\t\t\n\t\t\tclass=\"so-widget-sow-button so-widget-sow-button-atom-1038cf0caefd-98\"\n\t\t\t\n\t\t><div class=\"ow-button-base ow-button-align-center\"\n>\n\t\t\t<a\n\t\t\t\t\thref=\"http:\/\/cpeinc.ca\/wp-content\/uploads\/2018\/06\/SMART-UPS.pdf\"\n\t\t\t\t\tclass=\"sowb-button ow-icon-placement-left ow-button-hover\" \t>\n\t\t<span>\n\t\t\t\n\t\t\tEn savoir plus\t\t<\/span>\n\t\t\t<\/a>\n\t<\/div>\n<\/div><\/div><\/div><div id=\"pgc-98-1-1\"  class=\"panel-grid-cell\" ><div id=\"panel-98-1-1-0\" class=\"so-panel widget widget_sow-editor panel-first-child panel-last-child\" data-index=\"7\" ><div\n\t\t\t\n\t\t\tclass=\"so-widget-sow-editor so-widget-sow-editor-base\"\n\t\t\t\n\t\t>\n<div class=\"siteorigin-widget-tinymce textwidget\">\n\t<p>Des millions de professionnels de l'informatique du monde entier font confiance aux onduleurs Smart-UPS\u2122 pour prot\u00e9ger leurs \u00e9quipements et donn\u00e9es critiques contre les interruptions co\u00fbteuses gr\u00e2ce \u00e0 une alimentation r\u00e9seau propre, fiable et efficace. Ces onduleurs \u00e9tant disponibles en une grande vari\u00e9t\u00e9 de formats et de classes (entr\u00e9e de gamme, standard et longue dur\u00e9e), il existe un mod\u00e8le pour toutes les applications et pour tous les budgets. R\u00e9f\u00e9rence en mati\u00e8re de fiabilit\u00e9 et de facilit\u00e9 de gestion, les mod\u00e8les standard sont les onduleurs les plus populaires au monde pour les serveurs d'entreprise et les dispositifs de stockage et r\u00e9seau. Les mod\u00e8les d'entr\u00e9e de gamme Smart-UPS repr\u00e9sentent un choix \u00e9conomique pour les petites et moyennes entreprises qui souhaitent prot\u00e9ger leurs petits p\u00e9riph\u00e9riques r\u00e9seau, leur \u00e9quipement de point de vente et leurs serveurs d'entr\u00e9e de gamme. Les mod\u00e8les \u00e0 autonomie longue dur\u00e9e sont compatibles avec des batteries externes permettant d'alimenter des serveurs et des syst\u00e8mes de s\u00e9curit\u00e9 et de communication strat\u00e9giques lors de pannes pouvant durer des heures.<\/p>\n<\/div>\n<\/div><\/div><\/div><\/div><div id=\"pg-98-2\"  class=\"panel-grid panel-no-style\" ><div id=\"pgc-98-2-0\"  class=\"panel-grid-cell\" ><div id=\"panel-98-2-0-0\" class=\"so-panel widget widget_text panel-first-child\" data-index=\"8\" ><h3 class=\"widget-title\">Symmetra LX &#8211; Onduleur modulaire &#8211; 2 \u00e0 16kVA<\/h3>\t\t\t<div class=\"textwidget\"><\/div>\n\t\t<\/div><div id=\"panel-98-2-0-1\" class=\"so-panel widget widget_media_image\" data-index=\"9\" ><img loading=\"lazy\" decoding=\"async\" width=\"300\" height=\"100\" src=\"https:\/\/cpeinc.ca\/wp-content\/uploads\/2018\/06\/lx-300x100.jpg\" class=\"image wp-image-266  attachment-medium size-medium\" alt=\"\" style=\"max-width: 100%; height: auto;\" srcset=\"https:\/\/cpeinc.ca\/wp-content\/uploads\/2018\/06\/lx-300x100.jpg 300w, https:\/\/cpeinc.ca\/wp-content\/uploads\/2018\/06\/lx.jpg 448w\" sizes=\"auto, (max-width: 300px) 100vw, 300px\" \/><\/div><div id=\"panel-98-2-0-2\" class=\"so-panel widget widget_sow-button panel-last-child\" data-index=\"10\" ><div\n\t\t\t\n\t\t\tclass=\"so-widget-sow-button so-widget-sow-button-atom-1038cf0caefd-98\"\n\t\t\t\n\t\t><div class=\"ow-button-base ow-button-align-center\"\n>\n\t\t\t<a\n\t\t\t\t\thref=\"http:\/\/cpeinc.ca\/wp-content\/uploads\/2018\/06\/LX.pdf\"\n\t\t\t\t\tclass=\"sowb-button ow-icon-placement-left ow-button-hover\" target=\"_blank\" rel=\"noopener noreferrer\" \t>\n\t\t<span>\n\t\t\t\n\t\t\tEn savoir plus\t\t<\/span>\n\t\t\t<\/a>\n\t<\/div>\n<\/div><\/div><\/div><div id=\"pgc-98-2-1\"  class=\"panel-grid-cell\" ><div id=\"panel-98-2-1-0\" class=\"so-panel widget widget_sow-editor panel-first-child panel-last-child\" data-index=\"11\" ><div\n\t\t\t\n\t\t\tclass=\"so-widget-sow-editor so-widget-sow-editor-base\"\n\t\t\t\n\t\t>\n<div class=\"siteorigin-widget-tinymce textwidget\">\n\t<p>Con\u00e7ue pour offrir la meilleure continuit\u00e9 possible de l'activit\u00e9, l'architecture modulaire redondante Symmetra permet de faire \u00e9voluer la puissance et la dur\u00e9e d'autonomie en fonction de la demande, ou lorsque la disponibilit\u00e9 doit passer \u00e0 un niveau sup\u00e9rieur. Une facilit\u00e9 de gestion de r\u00e9seau int\u00e9gr\u00e9e assure en temps r\u00e9el des mises \u00e0 jour des \u00e9tats renseignant sur l'\u00e9tat de l'onduleur ainsi que des conditions environnementales. Des unit\u00e9s d'alimentation, batteries et modules intelligents rempla\u00e7ables par l'utilisateur et \u00e9changeables \u00e0 chaud \u00e9courtent les temps moyens de r\u00e9paration et facilitent la maintenance. La conception modulaire Symmetra assure une alimentation redondante sur un ch\u00e2ssis simple des applications d'entreprise critiques dans des salles serveur et armoires de r\u00e9seau.<\/p>\n<\/div>\n<\/div><\/div><\/div><\/div><div id=\"pg-98-3\"  class=\"panel-grid panel-no-style\" ><div id=\"pgc-98-3-0\"  class=\"panel-grid-cell\" ><div id=\"panel-98-3-0-0\" class=\"so-panel widget widget_text panel-first-child\" data-index=\"12\" ><h3 class=\"widget-title\">Back-UPS &#8211; Onduleur Personnel<\/h3>\t\t\t<div class=\"textwidget\"><\/div>\n\t\t<\/div><div id=\"panel-98-3-0-1\" class=\"so-panel widget widget_media_image\" data-index=\"13\" ><img loading=\"lazy\" decoding=\"async\" width=\"300\" height=\"100\" src=\"https:\/\/cpeinc.ca\/wp-content\/uploads\/2018\/06\/backups-300x100.jpg\" class=\"image wp-image-253  attachment-medium size-medium\" alt=\"\" style=\"max-width: 100%; height: auto;\" srcset=\"https:\/\/cpeinc.ca\/wp-content\/uploads\/2018\/06\/backups-300x100.jpg 300w, https:\/\/cpeinc.ca\/wp-content\/uploads\/2018\/06\/backups.jpg 448w\" sizes=\"auto, (max-width: 300px) 100vw, 300px\" \/><\/div><div id=\"panel-98-3-0-2\" class=\"so-panel widget widget_sow-button panel-last-child\" data-index=\"14\" ><div\n\t\t\t\n\t\t\tclass=\"so-widget-sow-button so-widget-sow-button-atom-1038cf0caefd-98\"\n\t\t\t\n\t\t><div class=\"ow-button-base ow-button-align-center\"\n>\n\t\t\t<a\n\t\t\t\t\thref=\"http:\/\/cpeinc.ca\/wp-content\/uploads\/2018\/07\/BR.pdf\"\n\t\t\t\t\tclass=\"sowb-button ow-icon-placement-left ow-button-hover\" target=\"_blank\" rel=\"noopener noreferrer\" \t>\n\t\t<span>\n\t\t\t\n\t\t\tEn savoir plus\t\t<\/span>\n\t\t\t<\/a>\n\t<\/div>\n<\/div><\/div><\/div><div id=\"pgc-98-3-1\"  class=\"panel-grid-cell\" ><div id=\"panel-98-3-1-0\" class=\"so-panel widget widget_text panel-first-child panel-last-child\" data-index=\"15\" >\t\t\t<div class=\"textwidget\"><div id=\"smjs-4\" class=\"description\" aria-expanded=\"true\" data-showmore=\"true\" data-link=\"readless\">\n<div>Batterie de secours et protection contre les surtensions pour syst\u00e8mes informatiques, r\u00e9seaux domestiques, stockage externe, consoles de jeux \u00e9lectroniques, serveurs domestiques et autres dispositifs \u00e9lectroniques<\/div>\n<\/div>\n<\/div>\n\t\t<\/div><\/div><\/div><\/div>","protected":false},"excerpt":{"rendered":"<p>Smart-UPS On-Line fournit une protection de l&rsquo;alimentation en ligne double conversion v\u00e9ritable, haute densit\u00e9, pour les serveurs, les r\u00e9seaux voix et donn\u00e9es, les laboratoires d&rsquo;analyses m\u00e9dicales et les applications industrielles l\u00e9g\u00e8res. Capable de supporter des charges de 1 \u00e0 20\u00a0kVA dans une forme convertible rack\/tour, Smart-UPS On-Line est disponible de 2U \u00e0 12U. De r\u00e9centes [&hellip;]<\/p>\n","protected":false},"author":3,"featured_media":0,"parent":92,"menu_order":2,"comment_status":"closed","ping_status":"closed","template":"","meta":{"footnotes":""},"class_list":["post-98","page","type-page","status-publish","hentry"],"_links":{"self":[{"href":"https:\/\/cpeinc.ca\/fr\/wp-json\/wp\/v2\/pages\/98","targetHints":{"allow":["GET"]}}],"collection":[{"href":"https:\/\/cpeinc.ca\/fr\/wp-json\/wp\/v2\/pages"}],"about":[{"href":"https:\/\/cpeinc.ca\/fr\/wp-json\/wp\/v2\/types\/page"}],"author":[{"embeddable":true,"href":"https:\/\/cpeinc.ca\/fr\/wp-json\/wp\/v2\/users\/3"}],"replies":[{"embeddable":true,"href":"https:\/\/cpeinc.ca\/fr\/wp-json\/wp\/v2\/comments?post=98"}],"version-history":[{"count":0,"href":"https:\/\/cpeinc.ca\/fr\/wp-json\/wp\/v2\/pages\/98\/revisions"}],"up":[{"embeddable":true,"href":"https:\/\/cpeinc.ca\/fr\/wp-json\/wp\/v2\/pages\/92"}],"wp:attachment":[{"href":"https:\/\/cpeinc.ca\/fr\/wp-json\/wp\/v2\/media?parent=98"}],"curies":[{"name":"wp","href":"https:\/\/api.w.org\/{rel}","templated":true}]}}