{"id":957,"date":"2023-10-04T22:04:43","date_gmt":"2023-10-04T22:04:43","guid":{"rendered":"https:\/\/cpeinc.ca\/privacy-policy\/"},"modified":"2023-10-04T22:40:49","modified_gmt":"2023-10-04T22:40:49","slug":"privacy-policy","status":"publish","type":"page","link":"https:\/\/cpeinc.ca\/fr\/privacy-policy\/","title":{"rendered":"Politique de confidentialit\u00e9"},"content":{"rendered":"<div id=\"pl-957\"  class=\"panel-layout\" ><div id=\"pg-957-0\"  class=\"panel-grid panel-no-style\" ><div id=\"pgc-957-0-0\"  class=\"panel-grid-cell\" ><div id=\"panel-957-0-0-0\" class=\"so-panel widget widget_text panel-first-child panel-last-child\" data-index=\"0\" >\t\t\t<div class=\"textwidget\"><p>Il est important pour <em>CPE Inc.<\/em> respecter votre droit \u00e0 la vie priv\u00e9.\u00a0 C\u2019est dans cette optique que nous souhaitions vous informer de la mani\u00e8re dont <em>CPE Inc.<\/em> recueille, utilise et prot\u00e8ge vos informations personnelles.<\/p>\n<ul>\n<li>Le site Internet de <em>CPE Inc.<\/em> ne recueille aucun renseignement personnel sans que le visiteur y ait consenti.<\/li>\n<li>L\u2019unique fa\u00e7on dont sont recueillies les informations est par les formulaires d\u2019inscription et de demande de renseignements sur nos services que les visiteurs peuvent remplir via notre site.<\/li>\n<\/ul>\n<p>Toute information personnelle recueillie sur le site de <em>CPE Inc.<\/em> est utilis\u00e9e par notre \u00e9quipe afin de mieux vous servir et, n\u2019est pas utilis\u00e9es \u00e0 d\u2019autres fins.<\/p>\n<\/div>\n\t\t<\/div><\/div><div id=\"pgc-957-0-1\"  class=\"panel-grid-cell\" ><div id=\"panel-957-0-1-0\" class=\"so-panel widget widget_text panel-first-child panel-last-child\" data-index=\"1\" ><div class=\"panel-widget-style panel-widget-style-for-957-0-1-0\" >\t\t\t<div class=\"textwidget\"><p><strong style=\"color: #000000 !important;\">Responsable de la protection des renseignements personnels<\/strong><\/p>\n<hr \/>\n<p><strong>Chris Bartolomucci<\/strong><br \/>\n<a href=\"mailto:info@cpeinc.ca\">info@cpeinc.ca<\/a><\/p>\n<\/div>\n\t\t<\/div><\/div><\/div><\/div><div id=\"pg-957-1\"  class=\"panel-grid panel-no-style\" ><div id=\"pgc-957-1-0\"  class=\"panel-grid-cell\" ><div id=\"panel-957-1-0-0\" class=\"so-panel widget widget_text panel-first-child panel-last-child\" data-index=\"2\" >\t\t\t<div class=\"textwidget\"><h3 class=\"wp-block-heading\">\u00c9nonc\u00e9 de confidentialit\u00e9<\/h3>\n<p>Ce site Web, comme de nombreux autres, fait appel aux outils\u00a0<em>Google Analytics<\/em>\u00a0 afin d\u2019analyser le comportement des utilisateurs sur <em>CPE Inc.<\/em>.<\/p>\n<h3 class=\"wp-block-heading\">Google Analytics<\/h3>\n<p><em>Google Analytics<\/em>\u00a0est un service d\u2019analyse Web offert par Google. Google collige des donn\u00e9es anonymis\u00e9es recueillies pendant une session de navigation d\u2019un utilisateur, les classe et permet de les visualiser. Il recueille des donn\u00e9es notamment sur les habitudes de navigation (y compris les liens sur lesquels l\u2019utilisateur a cliqu\u00e9 et les pages qu\u2019il a visit\u00e9es), la r\u00e9gion d\u2019origine (selon le protocole\u00a0IP), la source du trafic (p.\u00a0ex., les sites r\u00e9f\u00e9rents), la langue pr\u00e9f\u00e9r\u00e9e, le type de navigateur et la taille de l\u2019\u00e9cran.<\/p>\n<p>Google peut se servir des donn\u00e9es recueillies pour contextualiser et personnaliser les annonces diffus\u00e9es par son propre r\u00e9seau de publicit\u00e9.<\/p>\n<p>Donn\u00e9es personnelles collig\u00e9es\u00a0: t\u00e9moins et donn\u00e9es relatives \u00e0 l\u2019utilisation<\/p>\n<p>Pour obtenir de plus amples renseignements, veuillez consulter la\u00a0<a href=\"https:\/\/www.google.com\/intl\/fr-CA\/policies\/privacy\/\" target=\"_blank\" rel=\"noreferrer noopener\">politique de confidentialit\u00e9 de Google<\/a>.<\/p>\n<\/div>\n\t\t<\/div><\/div><\/div><\/div>","protected":false},"excerpt":{"rendered":"<p>Il est important pour CPE Inc. respecter votre droit \u00e0 la vie priv\u00e9.\u00a0 C\u2019est dans cette optique que nous souhaitions vous informer de la mani\u00e8re dont CPE Inc. recueille, utilise et prot\u00e8ge vos informations personnelles. Le site Internet de CPE Inc. ne recueille aucun renseignement personnel sans que le visiteur y ait consenti. L\u2019unique fa\u00e7on [&hellip;]<\/p>\n","protected":false},"author":3,"featured_media":0,"parent":0,"menu_order":0,"comment_status":"closed","ping_status":"closed","template":"","meta":{"footnotes":""},"class_list":["post-957","page","type-page","status-publish","hentry"],"_links":{"self":[{"href":"https:\/\/cpeinc.ca\/fr\/wp-json\/wp\/v2\/pages\/957","targetHints":{"allow":["GET"]}}],"collection":[{"href":"https:\/\/cpeinc.ca\/fr\/wp-json\/wp\/v2\/pages"}],"about":[{"href":"https:\/\/cpeinc.ca\/fr\/wp-json\/wp\/v2\/types\/page"}],"author":[{"embeddable":true,"href":"https:\/\/cpeinc.ca\/fr\/wp-json\/wp\/v2\/users\/3"}],"replies":[{"embeddable":true,"href":"https:\/\/cpeinc.ca\/fr\/wp-json\/wp\/v2\/comments?post=957"}],"version-history":[{"count":0,"href":"https:\/\/cpeinc.ca\/fr\/wp-json\/wp\/v2\/pages\/957\/revisions"}],"wp:attachment":[{"href":"https:\/\/cpeinc.ca\/fr\/wp-json\/wp\/v2\/media?parent=957"}],"curies":[{"name":"wp","href":"https:\/\/api.w.org\/{rel}","templated":true}]}}