{"id":88,"date":"2018-06-19T19:20:41","date_gmt":"2018-06-19T19:20:41","guid":{"rendered":"http:\/\/cpeinc.ca\/?page_id=88"},"modified":"2018-07-30T05:15:58","modified_gmt":"2018-07-30T05:15:58","slug":"contactez-nous","status":"publish","type":"page","link":"https:\/\/cpeinc.ca\/fr\/contactez-nous\/","title":{"rendered":"Contactez-nous"},"content":{"rendered":"<div id=\"pl-88\"  class=\"panel-layout\" ><div id=\"pg-88-0\"  class=\"panel-grid panel-no-style\" ><div id=\"pgc-88-0-0\"  class=\"panel-grid-cell\" ><div id=\"panel-88-0-0-0\" class=\"so-panel widget widget_sow-editor panel-first-child panel-last-child\" data-index=\"0\" ><div\n\t\t\t\n\t\t\tclass=\"so-widget-sow-editor so-widget-sow-editor-base\"\n\t\t\t\n\t\t>\n<div class=\"siteorigin-widget-tinymce textwidget\">\n\t<p><iframe src=\"https:\/\/www.google.com\/maps\/embed?pb=!1m18!1m12!1m3!1d2797.067131666638!2d-73.75879148396541!3d45.48859287910125!2m3!1f0!2f0!3f0!3m2!1i1024!2i768!4f13.1!3m3!1m2!1s0x4cc93d3c80d9415d%3A0xf204feb014e0b564!2sCPE+Division+B+Inc!5e0!3m2!1sen!2sca!4v1529349927268\" width=\"100%\" frameborder=\"0\" style=\"border:0\" allowfullscreen=\"\"><\/iframe><\/p>\n<\/div>\n<\/div><\/div><\/div><\/div><div id=\"pg-88-1\"  class=\"panel-grid panel-no-style\" ><div id=\"pgc-88-1-0\"  class=\"panel-grid-cell\" ><div id=\"panel-88-1-0-0\" class=\"so-panel widget widget_sow-editor panel-first-child panel-last-child\" data-index=\"1\" ><div\n\t\t\t\n\t\t\tclass=\"so-widget-sow-editor so-widget-sow-editor-base\"\n\t\t\t\n\t\t>\n<div class=\"siteorigin-widget-tinymce textwidget\">\n\t<h3>Coordonn\u00e9es<\/h3>\n<p><strong>MONTR\u00c9AL<\/strong><br \/>\n6644 Abrams<br \/>\nSt-Laurent, QC<br \/>\nH4S 1Y1<\/p>\n<p>T\u00e9l: (514) 956-0030<br \/>\nFax: (514) 956-0033<\/p>\n<p><strong>OTTAWA<\/strong><br \/>\nT\u00e9l: (613) 225-2311<\/p>\n<p>Courriel:<br \/>\n<a href=\"mailto:info@cpeinc.ca\">info@cpeinc.ca<\/a><br \/>\n<a href=\"mailto:service@cpeinc.ca\">service@cpeinc.ca<\/a><\/p>\n<\/div>\n<\/div><\/div><\/div><div id=\"pgc-88-1-1\"  class=\"panel-grid-cell\" ><div id=\"panel-88-1-1-0\" class=\"so-panel widget widget_sow-editor panel-first-child panel-last-child\" data-index=\"2\" ><div\n\t\t\t\n\t\t\tclass=\"so-widget-sow-editor so-widget-sow-editor-base\"\n\t\t\t\n\t\t>\n<div class=\"siteorigin-widget-tinymce textwidget\">\n\t<h3>Demande d'information<\/h3>\n\n<div class=\"wpcf7 no-js\" id=\"wpcf7-f169-o1\" lang=\"en-US\" dir=\"ltr\" data-wpcf7-id=\"169\">\n<div class=\"screen-reader-response\"><p role=\"status\" aria-live=\"polite\" aria-atomic=\"true\"><\/p> <ul><\/ul><\/div>\n<form action=\"\/fr\/wp-json\/wp\/v2\/pages\/88#wpcf7-f169-o1\" method=\"post\" class=\"wpcf7-form init\" aria-label=\"Contact form\" novalidate=\"novalidate\" data-status=\"init\">\n<fieldset class=\"hidden-fields-container\"><input type=\"hidden\" name=\"_wpcf7\" value=\"169\" \/><input type=\"hidden\" name=\"_wpcf7_version\" value=\"6.1.5\" \/><input type=\"hidden\" name=\"_wpcf7_locale\" value=\"en_US\" \/><input type=\"hidden\" name=\"_wpcf7_unit_tag\" value=\"wpcf7-f169-o1\" \/><input type=\"hidden\" name=\"_wpcf7_container_post\" value=\"0\" \/><input type=\"hidden\" name=\"_wpcf7_posted_data_hash\" value=\"\" \/><input type=\"hidden\" name=\"_wpcf7_recaptcha_response\" value=\"\" \/>\n<\/fieldset>\n<p><span class=\"wpcf7-form-control-wrap\" data-name=\"your-name\"><input size=\"40\" maxlength=\"400\" class=\"wpcf7-form-control wpcf7-text wpcf7-validates-as-required\" aria-required=\"true\" aria-invalid=\"false\" value=\"Votre nom\" type=\"text\" name=\"your-name\" \/><\/span>\n<\/p>\n<p><span class=\"wpcf7-form-control-wrap\" data-name=\"your-email\"><input size=\"40\" maxlength=\"400\" class=\"wpcf7-form-control wpcf7-email wpcf7-validates-as-required wpcf7-text wpcf7-validates-as-email\" aria-required=\"true\" aria-invalid=\"false\" value=\"Votre courriel\" type=\"email\" name=\"your-email\" \/><\/span>\n<\/p>\n<p><span class=\"wpcf7-form-control-wrap\" data-name=\"phone\"><input size=\"40\" maxlength=\"400\" class=\"wpcf7-form-control wpcf7-text wpcf7-validates-as-required\" aria-required=\"true\" aria-invalid=\"false\" value=\"Votre Num\u00e9ro de T\u00e9l\u00e9phone\" type=\"text\" name=\"phone\" \/><\/span>\n<\/p>\n<p><span class=\"wpcf7-form-control-wrap\" data-name=\"your-message\"><textarea cols=\"40\" rows=\"10\" maxlength=\"2000\" class=\"wpcf7-form-control wpcf7-textarea\" aria-invalid=\"false\" name=\"your-message\">Votre message<\/textarea><\/span>\n<\/p>\n<p><input class=\"wpcf7-form-control wpcf7-submit has-spinner\" type=\"submit\" value=\"Envoyer\" \/>\n<\/p><div class=\"wpcf7-response-output\" aria-hidden=\"true\"><\/div>\n<\/form>\n<\/div>\n\n<\/div>\n<\/div><\/div><\/div><\/div><\/div>","protected":false},"excerpt":{"rendered":"<p>Coordonn\u00e9es MONTR\u00c9AL 6644 Abrams St-Laurent, QC H4S 1Y1 T\u00e9l: (514) 956-0030 Fax: (514) 956-0033 OTTAWA T\u00e9l: (613) 225-2311 Courriel: info@cpeinc.ca service@cpeinc.ca Demande d&rsquo;information<\/p>\n","protected":false},"author":3,"featured_media":0,"parent":0,"menu_order":0,"comment_status":"closed","ping_status":"closed","template":"","meta":{"footnotes":""},"class_list":["post-88","page","type-page","status-publish","hentry"],"_links":{"self":[{"href":"https:\/\/cpeinc.ca\/fr\/wp-json\/wp\/v2\/pages\/88","targetHints":{"allow":["GET"]}}],"collection":[{"href":"https:\/\/cpeinc.ca\/fr\/wp-json\/wp\/v2\/pages"}],"about":[{"href":"https:\/\/cpeinc.ca\/fr\/wp-json\/wp\/v2\/types\/page"}],"author":[{"embeddable":true,"href":"https:\/\/cpeinc.ca\/fr\/wp-json\/wp\/v2\/users\/3"}],"replies":[{"embeddable":true,"href":"https:\/\/cpeinc.ca\/fr\/wp-json\/wp\/v2\/comments?post=88"}],"version-history":[{"count":0,"href":"https:\/\/cpeinc.ca\/fr\/wp-json\/wp\/v2\/pages\/88\/revisions"}],"wp:attachment":[{"href":"https:\/\/cpeinc.ca\/fr\/wp-json\/wp\/v2\/media?parent=88"}],"curies":[{"name":"wp","href":"https:\/\/api.w.org\/{rel}","templated":true}]}}