{"id":85,"date":"2018-06-19T19:19:48","date_gmt":"2018-06-19T19:19:48","guid":{"rendered":"http:\/\/cpeinc.ca\/?page_id=85"},"modified":"2024-12-03T15:58:58","modified_gmt":"2024-12-03T15:58:58","slug":"accueil","status":"publish","type":"page","link":"https:\/\/cpeinc.ca\/fr\/","title":{"rendered":"Accueil"},"content":{"rendered":"<div id=\"pl-85\"  class=\"panel-layout\" ><div id=\"pg-85-0\"  class=\"panel-grid panel-has-style\" ><div class=\"siteorigin-panels-stretch panel-row-style panel-row-style-for-85-0\" data-stretch-type=\"full-width-stretch\" ><div id=\"pgc-85-0-0\"  class=\"panel-grid-cell\" ><\/div><\/div><\/div><div id=\"pg-85-1\"  class=\"panel-grid panel-no-style\" ><div id=\"pgc-85-1-0\"  class=\"panel-grid-cell\" ><div id=\"panel-85-1-0-0\" class=\"so-panel widget widget_sow-editor panel-first-child panel-last-child\" data-index=\"1\" ><div\n\t\t\t\n\t\t\tclass=\"so-widget-sow-editor so-widget-sow-editor-base\"\n\t\t\t\n\t\t>\n<div class=\"siteorigin-widget-tinymce textwidget\">\n\t<p>Computer Power Engineering a \u00e9t\u00e9 fond\u00e9 en 1993 afin de procurer des solutions aux probl\u00e8mes de la mauvaise qualit\u00e9 des sources \u00e9lectriques. CPE est distributeur autoris\u00e9 de la marque MGE UPS Systems. Apr\u00e8s l'acquisition de APC par Schneider \u00c9lectrique en 2006 nous sommes devenus partenaire \u00c9lite\/Or APC, repr\u00e9sentant la gamme compl\u00e8te des produits d'alimentation \u00e9lectrique et de climatisation de APC par Schneider.<\/p>\n<p>CPE Division B inc. se sp\u00e9cialise dans la vente et l\u2019entretien des syst\u00e8mes APC par Schneider Electric. Ces produits\u00a0repr\u00e9sentent la solution pour les infrastructures et les centres de traitement de donn\u00e9es \u00e0 prot\u00e9ger. Nous\u00a0proposons aux ing\u00e9nieurs, entrepreneurs et utilisateurs des produits de qualit\u00e9 pour les besoins en alimentation \u00e9lectrique et de climatisation.<\/p>\n<p><img loading=\"lazy\" decoding=\"async\" class=\"size-full wp-image-175\" src=\"\/wp-content\/uploads\/2018\/06\/apc.jpg\" alt=\"APC by Schneider Electric\" width=\"228\" height=\"155\" \/><\/p>\n<\/div>\n<\/div><\/div><\/div><\/div><\/div>","protected":false},"excerpt":{"rendered":"<p>Computer Power Engineering a \u00e9t\u00e9 fond\u00e9 en 1993 afin de procurer des solutions aux probl\u00e8mes de la mauvaise qualit\u00e9 des sources \u00e9lectriques. CPE est distributeur autoris\u00e9 de la marque MGE UPS Systems. Apr\u00e8s l&rsquo;acquisition de APC par Schneider \u00c9lectrique en 2006 nous sommes devenus partenaire \u00c9lite\/Or APC, repr\u00e9sentant la gamme compl\u00e8te des produits d&rsquo;alimentation \u00e9lectrique [&hellip;]<\/p>\n","protected":false},"author":3,"featured_media":0,"parent":0,"menu_order":0,"comment_status":"closed","ping_status":"open","template":"","meta":{"footnotes":""},"class_list":["post-85","page","type-page","status-publish","hentry"],"_links":{"self":[{"href":"https:\/\/cpeinc.ca\/fr\/wp-json\/wp\/v2\/pages\/85","targetHints":{"allow":["GET"]}}],"collection":[{"href":"https:\/\/cpeinc.ca\/fr\/wp-json\/wp\/v2\/pages"}],"about":[{"href":"https:\/\/cpeinc.ca\/fr\/wp-json\/wp\/v2\/types\/page"}],"author":[{"embeddable":true,"href":"https:\/\/cpeinc.ca\/fr\/wp-json\/wp\/v2\/users\/3"}],"replies":[{"embeddable":true,"href":"https:\/\/cpeinc.ca\/fr\/wp-json\/wp\/v2\/comments?post=85"}],"version-history":[{"count":0,"href":"https:\/\/cpeinc.ca\/fr\/wp-json\/wp\/v2\/pages\/85\/revisions"}],"wp:attachment":[{"href":"https:\/\/cpeinc.ca\/fr\/wp-json\/wp\/v2\/media?parent=85"}],"curies":[{"name":"wp","href":"https:\/\/api.w.org\/{rel}","templated":true}]}}