{"id":116,"date":"2018-06-18T16:28:53","date_gmt":"2018-06-18T16:28:53","guid":{"rendered":"http:\/\/cpeinc.ca\/?page_id=116"},"modified":"2018-10-11T14:42:13","modified_gmt":"2018-10-11T14:42:13","slug":"services","status":"publish","type":"page","link":"https:\/\/cpeinc.ca\/fr\/services\/","title":{"rendered":"Services"},"content":{"rendered":"<div id=\"pl-116\"  class=\"panel-layout\" ><div id=\"pg-116-0\"  class=\"panel-grid panel-no-style\" ><div id=\"pgc-116-0-0\"  class=\"panel-grid-cell\" ><div id=\"panel-116-0-0-0\" class=\"so-panel widget widget_sow-editor panel-first-child panel-last-child\" data-index=\"0\" ><div\n\t\t\t\n\t\t\tclass=\"so-widget-sow-editor so-widget-sow-editor-base\"\n\t\t\t\n\t\t>\n<div class=\"siteorigin-widget-tinymce textwidget\">\n\t<div id=\"comp-jhzpj1u9\" class=\"txtNew\" data-packed=\"true\">\n<h2 class=\"font_2\" style=\"background: 0px 0px; font: 25px\/normal 'open sans', sans-serif; margin: 0px; padding: 0px; outline: 0px; border: 0px currentColor; color: #585551; letter-spacing: normal; vertical-align: baseline; font-size-adjust: none; font-stretch: normal; pointer-events: auto;\">En partenariat avec Schneider Electric, CPE dispose d'une \u00e9quipe compl\u00e8te et vari\u00e9e de techniciens de service d'exp\u00e9rience,<\/h2>\n<h2 class=\"font_2\" style=\"background: 0px 0px; font: 25px\/normal 'open sans', sans-serif; margin: 0px; padding: 0px; outline: 0px; border: 0px currentColor; color: #585551; letter-spacing: normal; vertical-align: baseline; font-size-adjust: none; font-stretch: normal; pointer-events: auto;\">offrant tous les services dont votre organisation a besoin, tels que:<\/h2>\n<\/div>\n<div id=\"comp-jhzpk4ii\" class=\"txtNew\" data-packed=\"true\">\n<ul>\n<li class=\"font_7\">Contrats de service<\/li>\n<li class=\"font_7\">Service d'urgence 24\/7<\/li>\n<li>Entretien pr\u00e9ventif<\/li>\n<li class=\"font_7\">Replacement de batteries<\/li>\n<li class=\"font_7\">R\u00e9parations ponctuelles urgente<\/li>\n<\/ul>\n<\/div>\n<\/div>\n<\/div><\/div><\/div><div id=\"pgc-116-0-1\"  class=\"panel-grid-cell\" ><div id=\"panel-116-0-1-0\" class=\"so-panel widget widget_sow-editor panel-first-child panel-last-child\" data-index=\"1\" ><div\n\t\t\t\n\t\t\tclass=\"so-widget-sow-editor so-widget-sow-editor-base\"\n\t\t\t\n\t\t>\n<div class=\"siteorigin-widget-tinymce textwidget\">\n\t<h3>Demandez un service<\/h3>\n\n<div class=\"wpcf7 no-js\" id=\"wpcf7-f169-o1\" lang=\"en-US\" dir=\"ltr\" data-wpcf7-id=\"169\">\n<div class=\"screen-reader-response\"><p role=\"status\" aria-live=\"polite\" aria-atomic=\"true\"><\/p> <ul><\/ul><\/div>\n<form action=\"\/fr\/wp-json\/wp\/v2\/pages\/116#wpcf7-f169-o1\" method=\"post\" class=\"wpcf7-form init\" aria-label=\"Contact form\" novalidate=\"novalidate\" data-status=\"init\">\n<fieldset class=\"hidden-fields-container\"><input type=\"hidden\" name=\"_wpcf7\" value=\"169\" \/><input type=\"hidden\" name=\"_wpcf7_version\" value=\"6.1.5\" \/><input type=\"hidden\" name=\"_wpcf7_locale\" value=\"en_US\" \/><input type=\"hidden\" name=\"_wpcf7_unit_tag\" value=\"wpcf7-f169-o1\" \/><input type=\"hidden\" name=\"_wpcf7_container_post\" value=\"0\" \/><input type=\"hidden\" name=\"_wpcf7_posted_data_hash\" value=\"\" \/><input type=\"hidden\" name=\"_wpcf7_recaptcha_response\" value=\"\" \/>\n<\/fieldset>\n<p><span class=\"wpcf7-form-control-wrap\" data-name=\"your-name\"><input size=\"40\" maxlength=\"400\" class=\"wpcf7-form-control wpcf7-text wpcf7-validates-as-required\" aria-required=\"true\" aria-invalid=\"false\" value=\"Votre nom\" type=\"text\" name=\"your-name\" \/><\/span>\n<\/p>\n<p><span class=\"wpcf7-form-control-wrap\" data-name=\"your-email\"><input size=\"40\" maxlength=\"400\" class=\"wpcf7-form-control wpcf7-email wpcf7-validates-as-required wpcf7-text wpcf7-validates-as-email\" aria-required=\"true\" aria-invalid=\"false\" value=\"Votre courriel\" type=\"email\" name=\"your-email\" \/><\/span>\n<\/p>\n<p><span class=\"wpcf7-form-control-wrap\" data-name=\"phone\"><input size=\"40\" maxlength=\"400\" class=\"wpcf7-form-control wpcf7-text wpcf7-validates-as-required\" aria-required=\"true\" aria-invalid=\"false\" value=\"Votre Num\u00e9ro de T\u00e9l\u00e9phone\" type=\"text\" name=\"phone\" \/><\/span>\n<\/p>\n<p><span class=\"wpcf7-form-control-wrap\" data-name=\"your-message\"><textarea cols=\"40\" rows=\"10\" maxlength=\"2000\" class=\"wpcf7-form-control wpcf7-textarea\" aria-invalid=\"false\" name=\"your-message\">Votre message<\/textarea><\/span>\n<\/p>\n<p><input class=\"wpcf7-form-control wpcf7-submit has-spinner\" type=\"submit\" value=\"Envoyer\" \/>\n<\/p><div class=\"wpcf7-response-output\" aria-hidden=\"true\"><\/div>\n<\/form>\n<\/div>\n\n<\/div>\n<\/div><\/div><\/div><\/div><\/div>","protected":false},"excerpt":{"rendered":"<p>En partenariat avec Schneider Electric, CPE dispose d&rsquo;une \u00e9quipe compl\u00e8te et vari\u00e9e de techniciens de service d&rsquo;exp\u00e9rience, offrant tous les services dont votre organisation a besoin, tels que: Contrats de service Service d&rsquo;urgence 24\/7 Entretien pr\u00e9ventif Replacement de batteries R\u00e9parations ponctuelles urgente Demandez un service<\/p>\n","protected":false},"author":3,"featured_media":0,"parent":0,"menu_order":0,"comment_status":"closed","ping_status":"closed","template":"","meta":{"footnotes":""},"class_list":["post-116","page","type-page","status-publish","hentry"],"_links":{"self":[{"href":"https:\/\/cpeinc.ca\/fr\/wp-json\/wp\/v2\/pages\/116","targetHints":{"allow":["GET"]}}],"collection":[{"href":"https:\/\/cpeinc.ca\/fr\/wp-json\/wp\/v2\/pages"}],"about":[{"href":"https:\/\/cpeinc.ca\/fr\/wp-json\/wp\/v2\/types\/page"}],"author":[{"embeddable":true,"href":"https:\/\/cpeinc.ca\/fr\/wp-json\/wp\/v2\/users\/3"}],"replies":[{"embeddable":true,"href":"https:\/\/cpeinc.ca\/fr\/wp-json\/wp\/v2\/comments?post=116"}],"version-history":[{"count":0,"href":"https:\/\/cpeinc.ca\/fr\/wp-json\/wp\/v2\/pages\/116\/revisions"}],"wp:attachment":[{"href":"https:\/\/cpeinc.ca\/fr\/wp-json\/wp\/v2\/media?parent=116"}],"curies":[{"name":"wp","href":"https:\/\/api.w.org\/{rel}","templated":true}]}}