{"id":107,"date":"2018-06-18T17:00:54","date_gmt":"2018-06-18T17:00:54","guid":{"rendered":"http:\/\/cpeinc.ca\/?page_id=107"},"modified":"2022-01-13T19:22:00","modified_gmt":"2022-01-13T19:22:00","slug":"software-and-security","status":"publish","type":"page","link":"https:\/\/cpeinc.ca\/fr\/produits\/software-and-security\/","title":{"rendered":"Logiciel et S\u00e9curit\u00e9"},"content":{"rendered":"<div id=\"pl-107\"  class=\"panel-layout\" ><div id=\"pg-107-0\"  class=\"panel-grid panel-no-style\" ><div id=\"pgc-107-0-0\"  class=\"panel-grid-cell\" ><div id=\"panel-107-0-0-0\" class=\"so-panel widget widget_text panel-first-child\" data-index=\"0\" ><h3 class=\"widget-title\">Netbotz<\/h3>\t\t\t<div class=\"textwidget\"><\/div>\n\t\t<\/div><div id=\"panel-107-0-0-1\" class=\"so-panel widget widget_media_image\" data-index=\"1\" ><img loading=\"lazy\" decoding=\"async\" width=\"260\" height=\"100\" src=\"https:\/\/cpeinc.ca\/wp-content\/uploads\/2018\/06\/Netbotz.jpg\" class=\"image wp-image-261  attachment-full size-full\" alt=\"\" style=\"max-width: 100%; height: auto;\" \/><\/div><div id=\"panel-107-0-0-2\" class=\"so-panel widget widget_sow-button panel-last-child\" data-index=\"2\" ><div\n\t\t\t\n\t\t\tclass=\"so-widget-sow-button so-widget-sow-button-atom-1038cf0caefd-107\"\n\t\t\t\n\t\t><div class=\"ow-button-base ow-button-align-center\"\n>\n\t\t\t<a\n\t\t\t\t\thref=\"http:\/\/cpeinc.ca\/wp-content\/uploads\/2018\/07\/Brochure.pdf\"\n\t\t\t\t\tclass=\"sowb-button ow-icon-placement-left ow-button-hover\" target=\"_blank\" rel=\"noopener noreferrer\" \t>\n\t\t<span>\n\t\t\t\n\t\t\tEn savoir plus\t\t<\/span>\n\t\t\t<\/a>\n\t<\/div>\n<\/div><\/div><\/div><div id=\"pgc-107-0-1\"  class=\"panel-grid-cell\" ><div id=\"panel-107-0-1-0\" class=\"so-panel widget widget_text panel-first-child panel-last-child\" data-index=\"3\" >\t\t\t<div class=\"textwidget\"><p>Prot\u00e8ge contre les menaces physiques environnementales ou humaines susceptibles de provoquer des perturbations ou des pannes des \u00e9quipements informatiques.<\/p>\n<\/div>\n\t\t<\/div><\/div><\/div><div id=\"pg-107-1\"  class=\"panel-grid panel-no-style\" ><div id=\"pgc-107-1-0\"  class=\"panel-grid-cell\" ><div id=\"panel-107-1-0-0\" class=\"so-panel widget widget_text panel-first-child\" data-index=\"4\" ><h3 class=\"widget-title\">StruxureWare pour Centre de Donn\u00e9es<\/h3>\t\t\t<div class=\"textwidget\"><\/div>\n\t\t<\/div><div id=\"panel-107-1-0-1\" class=\"so-panel widget widget_media_image\" data-index=\"5\" ><img loading=\"lazy\" decoding=\"async\" width=\"448\" height=\"150\" src=\"https:\/\/cpeinc.ca\/wp-content\/uploads\/2018\/06\/dce.jpg\" class=\"image wp-image-382  attachment-full size-full\" alt=\"\" style=\"max-width: 100%; height: auto;\" srcset=\"https:\/\/cpeinc.ca\/wp-content\/uploads\/2018\/06\/dce.jpg 448w, https:\/\/cpeinc.ca\/wp-content\/uploads\/2018\/06\/dce-300x100.jpg 300w\" sizes=\"auto, (max-width: 448px) 100vw, 448px\" \/><\/div><div id=\"panel-107-1-0-2\" class=\"so-panel widget widget_sow-button panel-last-child\" data-index=\"6\" ><div\n\t\t\t\n\t\t\tclass=\"so-widget-sow-button so-widget-sow-button-atom-1038cf0caefd-107\"\n\t\t\t\n\t\t><div class=\"ow-button-base ow-button-align-center\"\n>\n\t\t\t<a\n\t\t\t\t\thref=\"http:\/\/cpeinc.ca\/wp-content\/uploads\/2018\/07\/Struxureware.pdf\"\n\t\t\t\t\tclass=\"sowb-button ow-icon-placement-left ow-button-hover\" target=\"_blank\" rel=\"noopener noreferrer\" \t>\n\t\t<span>\n\t\t\t\n\t\t\tEn savoir plus\t\t<\/span>\n\t\t\t<\/a>\n\t<\/div>\n<\/div><\/div><\/div><div id=\"pgc-107-1-1\"  class=\"panel-grid-cell\" ><div id=\"panel-107-1-1-0\" class=\"so-panel widget widget_text panel-first-child panel-last-child\" data-index=\"7\" >\t\t\t<div class=\"textwidget\"><p>StruxureWare apporte aux entreprises une solution efficace pour contr\u00f4ler l&rsquo;infrastructure physique multifournisseurs \u00e0 l&rsquo;\u00e9chelle de toute la soci\u00e9t\u00e9. alimentation, refroidissement, s\u00e9curit\u00e9 et environnement. Surveillance en temps r\u00e9el, rapports et graphiques d\u00e9finis par l&rsquo;utilisateur, ainsi qu&rsquo;une notification instantan\u00e9e et progressive des anomalies pour une \u00e9valuation et r\u00e9solution rapides des \u00e9v\u00e9nements affectant l&rsquo;infrastructure sensible, susceptibles de perturber la disponibilit\u00e9 du syst\u00e8me informatique. Cette base de donn\u00e9es centralis\u00e9e d&rsquo;informations sensibles, qui fournit une vue consolid\u00e9e de l&rsquo;infrastructure physique, est accessible \u00e0 tous utilisateurs \u00e0 partir de n&rsquo;importe quel point du r\u00e9seau. Ces plateformes peuvent \u00eatre \u00e9tendues au fur et \u00e0 mesure de l&rsquo;\u00e9volution des besoins de l&rsquo;entreprise par le biais de licences de dispositifs additionnels et de modules d&rsquo;extension de surveillance, de gestion des capacit\u00e9s et des changements.<\/p>\n<\/div>\n\t\t<\/div><\/div><\/div><\/div>","protected":false},"excerpt":{"rendered":"<p>Prot\u00e8ge contre les menaces physiques environnementales ou humaines susceptibles de provoquer des perturbations ou des pannes des \u00e9quipements informatiques. StruxureWare apporte aux entreprises une solution efficace pour contr\u00f4ler l&rsquo;infrastructure physique multifournisseurs \u00e0 l&rsquo;\u00e9chelle de toute la soci\u00e9t\u00e9. alimentation, refroidissement, s\u00e9curit\u00e9 et environnement. Surveillance en temps r\u00e9el, rapports et graphiques d\u00e9finis par l&rsquo;utilisateur, ainsi qu&rsquo;une notification [&hellip;]<\/p>\n","protected":false},"author":3,"featured_media":0,"parent":92,"menu_order":5,"comment_status":"closed","ping_status":"closed","template":"","meta":{"footnotes":""},"class_list":["post-107","page","type-page","status-publish","hentry"],"_links":{"self":[{"href":"https:\/\/cpeinc.ca\/fr\/wp-json\/wp\/v2\/pages\/107","targetHints":{"allow":["GET"]}}],"collection":[{"href":"https:\/\/cpeinc.ca\/fr\/wp-json\/wp\/v2\/pages"}],"about":[{"href":"https:\/\/cpeinc.ca\/fr\/wp-json\/wp\/v2\/types\/page"}],"author":[{"embeddable":true,"href":"https:\/\/cpeinc.ca\/fr\/wp-json\/wp\/v2\/users\/3"}],"replies":[{"embeddable":true,"href":"https:\/\/cpeinc.ca\/fr\/wp-json\/wp\/v2\/comments?post=107"}],"version-history":[{"count":0,"href":"https:\/\/cpeinc.ca\/fr\/wp-json\/wp\/v2\/pages\/107\/revisions"}],"up":[{"embeddable":true,"href":"https:\/\/cpeinc.ca\/fr\/wp-json\/wp\/v2\/pages\/92"}],"wp:attachment":[{"href":"https:\/\/cpeinc.ca\/fr\/wp-json\/wp\/v2\/media?parent=107"}],"curies":[{"name":"wp","href":"https:\/\/api.w.org\/{rel}","templated":true}]}}