{"id":101,"date":"2018-06-18T17:00:14","date_gmt":"2018-06-18T17:00:14","guid":{"rendered":"http:\/\/cpeinc.ca\/?page_id=101"},"modified":"2022-01-13T19:19:57","modified_gmt":"2022-01-13T19:19:57","slug":"power-distribution","status":"publish","type":"page","link":"https:\/\/cpeinc.ca\/fr\/produits\/power-distribution\/","title":{"rendered":"Distribution \u00c9lectrique"},"content":{"rendered":"<div id=\"pl-101\"  class=\"panel-layout\" ><div id=\"pg-101-0\"  class=\"panel-grid panel-no-style\" ><div id=\"pgc-101-0-0\"  class=\"panel-grid-cell\" ><div id=\"panel-101-0-0-0\" class=\"so-panel widget widget_text panel-first-child\" data-index=\"0\" ><h3 class=\"widget-title\">PDU et barre d&rsquo;alimentation<\/h3>\t\t\t<div class=\"textwidget\"><\/div>\n\t\t<\/div><div id=\"panel-101-0-0-1\" class=\"so-panel widget widget_media_image\" data-index=\"1\" ><img loading=\"lazy\" decoding=\"async\" width=\"260\" height=\"100\" src=\"https:\/\/cpeinc.ca\/wp-content\/uploads\/2018\/06\/rackpdu.jpg\" class=\"image wp-image-257  attachment-full size-full\" alt=\"\" style=\"max-width: 100%; height: auto;\" \/><\/div><div id=\"panel-101-0-0-2\" class=\"so-panel widget widget_sow-button panel-last-child\" data-index=\"2\" ><div\n\t\t\t\n\t\t\tclass=\"so-widget-sow-button so-widget-sow-button-atom-1038cf0caefd-101\"\n\t\t\t\n\t\t><div class=\"ow-button-base ow-button-align-center\"\n>\n\t\t\t<a\n\t\t\t\t\thref=\"http:\/\/cpeinc.ca\/wp-content\/uploads\/2018\/06\/PDU-GUIDE.pdf\"\n\t\t\t\t\tclass=\"sowb-button ow-icon-placement-left ow-button-hover\" target=\"_blank\" rel=\"noopener noreferrer\" \t>\n\t\t<span>\n\t\t\t\n\t\t\tEn savoir plus\t\t<\/span>\n\t\t\t<\/a>\n\t<\/div>\n<\/div><\/div><\/div><div id=\"pgc-101-0-1\"  class=\"panel-grid-cell\" ><div id=\"panel-101-0-1-0\" class=\"so-panel widget widget_text panel-first-child panel-last-child\" data-index=\"3\" >\t\t\t<div class=\"textwidget\"><p>Distribution d&rsquo;alimentation fiable avec surveillance et contr\u00f4le des \u00e9quipements informatiques mont\u00e9s en rack.<\/p>\n<\/div>\n\t\t<\/div><\/div><\/div><div id=\"pg-101-1\"  class=\"panel-grid panel-no-style\" ><div id=\"pgc-101-1-0\"  class=\"panel-grid-cell\" ><div id=\"panel-101-1-0-0\" class=\"so-panel widget widget_text panel-first-child\" data-index=\"4\" ><h3 class=\"widget-title\">Distribution \u00c9lectrique pour salle compl\u00e8te<\/h3>\t\t\t<div class=\"textwidget\"><\/div>\n\t\t<\/div><div id=\"panel-101-1-0-1\" class=\"so-panel widget widget_media_image\" data-index=\"5\" ><img loading=\"lazy\" decoding=\"async\" width=\"260\" height=\"100\" src=\"https:\/\/cpeinc.ca\/wp-content\/uploads\/2018\/07\/pmm.jpg\" class=\"image wp-image-437  attachment-full size-full\" alt=\"\" style=\"max-width: 100%; height: auto;\" \/><\/div><div id=\"panel-101-1-0-2\" class=\"so-panel widget widget_sow-button panel-last-child\" data-index=\"6\" ><div\n\t\t\t\n\t\t\tclass=\"so-widget-sow-button so-widget-sow-button-atom-1038cf0caefd-101\"\n\t\t\t\n\t\t><div class=\"ow-button-base ow-button-align-center\"\n>\n\t\t\t<a\n\t\t\t\t\thref=\"http:\/\/cpeinc.ca\/wp-content\/uploads\/2018\/07\/pmm-bro.pdf\"\n\t\t\t\t\tclass=\"sowb-button ow-icon-placement-left ow-button-hover\" target=\"_blank\" rel=\"noopener noreferrer\" \t>\n\t\t<span>\n\t\t\t\n\t\t\tEn savoir plus\t\t<\/span>\n\t\t\t<\/a>\n\t<\/div>\n<\/div><\/div><\/div><div id=\"pgc-101-1-1\"  class=\"panel-grid-cell\" ><div id=\"panel-101-1-1-0\" class=\"so-panel widget widget_text panel-first-child panel-last-child\" data-index=\"7\" >\t\t\t<div class=\"textwidget\"><p>Les modules de gestion de l&rsquo;alimentation \u00e9lectrique et de gestion \u00e0 distance de l&rsquo;alimentation \u00e9lectrique incluent notamment l&rsquo;isolation, la mise \u00e0 la terre de qualit\u00e9 \u00e9lectronique et la distribution de jusqu&rsquo;\u00e0 252\u00a0disjoncteurs en sortie. Chaque configuration PMM ou RPMM comporte un acc\u00e8s frontal instantan\u00e9, un bus neutre \u00e0 rendement de 200\u00a0%, de spacieux chemins et zones de pose de c\u00e2bles, ainsi qu&rsquo;un acc\u00e8s aux c\u00e2bles par le haut ou par le bas.<\/p>\n<\/div>\n\t\t<\/div><\/div><\/div><div id=\"pg-101-2\"  class=\"panel-grid panel-no-style\" ><div id=\"pgc-101-2-0\"  class=\"panel-grid-cell\" ><div id=\"panel-101-2-0-0\" class=\"so-panel widget widget_text panel-first-child\" data-index=\"8\" ><h3 class=\"widget-title\">Distribution \u00c9lectrique Modulaire<\/h3>\t\t\t<div class=\"textwidget\"><\/div>\n\t\t<\/div><div id=\"panel-101-2-0-1\" class=\"so-panel widget widget_media_image\" data-index=\"9\" ><img loading=\"lazy\" decoding=\"async\" width=\"448\" height=\"150\" src=\"https:\/\/cpeinc.ca\/wp-content\/uploads\/2018\/07\/modular.jpg\" class=\"image wp-image-438  attachment-full size-full\" alt=\"\" style=\"max-width: 100%; height: auto;\" srcset=\"https:\/\/cpeinc.ca\/wp-content\/uploads\/2018\/07\/modular.jpg 448w, https:\/\/cpeinc.ca\/wp-content\/uploads\/2018\/07\/modular-300x100.jpg 300w\" sizes=\"auto, (max-width: 448px) 100vw, 448px\" \/><\/div><div id=\"panel-101-2-0-2\" class=\"so-panel widget widget_sow-button panel-last-child\" data-index=\"10\" ><div\n\t\t\t\n\t\t\tclass=\"so-widget-sow-button so-widget-sow-button-atom-1038cf0caefd-101\"\n\t\t\t\n\t\t><div class=\"ow-button-base ow-button-align-center\"\n>\n\t\t\t<a\n\t\t\t\t\thref=\"http:\/\/cpeinc.ca\/wp-content\/uploads\/2018\/07\/modular.pdf\"\n\t\t\t\t\tclass=\"sowb-button ow-icon-placement-left ow-button-hover\" target=\"_blank\" rel=\"noopener noreferrer\" \t>\n\t\t<span>\n\t\t\t\n\t\t\tEn savoir plus\t\t<\/span>\n\t\t\t<\/a>\n\t<\/div>\n<\/div><\/div><\/div><div id=\"pgc-101-2-1\"  class=\"panel-grid-cell\" ><div id=\"panel-101-2-1-0\" class=\"so-panel widget widget_text panel-first-child panel-last-child\" data-index=\"11\" >\t\t\t<div class=\"textwidget\"><p>La distribution \u00e9lectrique modulaire r\u00e9duit la n\u00e9cessit\u00e9 de pr\u00e9voir les configurations et les besoins futurs de votre datacenter. Ce syst\u00e8me de distribution \u00e9lectrique visionnaire est suffisamment souple pour s&rsquo;adapter aux besoins de votre datacenter aujourd&rsquo;hui et permettre une extension ou une reconfiguration rapide pour demain. La gestion \u00e9lectrique est simplifi\u00e9e par la mesure de la sortie, la surveillance du courant de d\u00e9rivation\/du circuit et la d\u00e9tection automatique assur\u00e9es par la s\u00e9rie d&rsquo;options de gestion StruxureWare. Lorsque la demande augmente et qu&rsquo;une extension est n\u00e9cessaire, il suffit de brancher de nouveaux modules de distribution \u00e9lectrique. Les modules assembl\u00e9s en usine (disjoncteur, cordon d&rsquo;alimentation et connexion \u00e9lectrique inclus), peuvent \u00eatre install\u00e9s en quelques minutes seulement. Il existe plusieurs puissances nominales et longueurs de cordons d&rsquo;alimentation, adapt\u00e9es \u00e0 des besoins de puissance faible \u00e0 \u00e9lev\u00e9e, qui garantissent la compatibilit\u00e9 et une installation rapide, facile et pratique.<\/p>\n<\/div>\n\t\t<\/div><\/div><\/div><\/div>","protected":false},"excerpt":{"rendered":"<p>Distribution d&rsquo;alimentation fiable avec surveillance et contr\u00f4le des \u00e9quipements informatiques mont\u00e9s en rack. Les modules de gestion de l&rsquo;alimentation \u00e9lectrique et de gestion \u00e0 distance de l&rsquo;alimentation \u00e9lectrique incluent notamment l&rsquo;isolation, la mise \u00e0 la terre de qualit\u00e9 \u00e9lectronique et la distribution de jusqu&rsquo;\u00e0 252\u00a0disjoncteurs en sortie. Chaque configuration PMM ou RPMM comporte un acc\u00e8s [&hellip;]<\/p>\n","protected":false},"author":3,"featured_media":0,"parent":92,"menu_order":3,"comment_status":"closed","ping_status":"closed","template":"","meta":{"footnotes":""},"class_list":["post-101","page","type-page","status-publish","hentry"],"_links":{"self":[{"href":"https:\/\/cpeinc.ca\/fr\/wp-json\/wp\/v2\/pages\/101","targetHints":{"allow":["GET"]}}],"collection":[{"href":"https:\/\/cpeinc.ca\/fr\/wp-json\/wp\/v2\/pages"}],"about":[{"href":"https:\/\/cpeinc.ca\/fr\/wp-json\/wp\/v2\/types\/page"}],"author":[{"embeddable":true,"href":"https:\/\/cpeinc.ca\/fr\/wp-json\/wp\/v2\/users\/3"}],"replies":[{"embeddable":true,"href":"https:\/\/cpeinc.ca\/fr\/wp-json\/wp\/v2\/comments?post=101"}],"version-history":[{"count":0,"href":"https:\/\/cpeinc.ca\/fr\/wp-json\/wp\/v2\/pages\/101\/revisions"}],"up":[{"embeddable":true,"href":"https:\/\/cpeinc.ca\/fr\/wp-json\/wp\/v2\/pages\/92"}],"wp:attachment":[{"href":"https:\/\/cpeinc.ca\/fr\/wp-json\/wp\/v2\/media?parent=101"}],"curies":[{"name":"wp","href":"https:\/\/api.w.org\/{rel}","templated":true}]}}